{"id":1022,"date":"2025-11-25T11:23:06","date_gmt":"2025-11-25T16:23:06","guid":{"rendered":"https:\/\/www.mamasarahotel.com.pe\/contate-nos\/"},"modified":"2026-01-22T14:55:01","modified_gmt":"2026-01-22T19:55:01","slug":"contate-nos","status":"publish","type":"page","link":"https:\/\/www.mamasarahotel.com.pe\/pt-br\/contate-nos\/","title":{"rendered":"Contate-nos"},"content":{"rendered":"<p>Com localiza\u00e7\u00f5es privilegiadas, nos hot\u00e9is MamaSara voc\u00ea pode desfrutar de um ambiente tranquilo e natural em Cusco, a poucos quarteir\u00f5es do centro hist\u00f3rico, e em Aguas Calientes, perto de Machu Picchu.<\/p>\n","protected":false},"excerpt":{"rendered":"<p>Com localiza\u00e7\u00f5es privilegiadas, nos hot\u00e9is MamaSara voc\u00ea pode desfrutar de um ambiente tranquilo e natural em Cusco, a poucos quarteir\u00f5es do centro hist\u00f3rico, e em Aguas Calientes, perto de Machu Picchu.<\/p>\n","protected":false},"author":1,"featured_media":0,"parent":0,"menu_order":0,"comment_status":"closed","ping_status":"closed","template":"page-templates\/plantilla-contactanos.php","meta":{"_acf_changed":false,"inline_featured_image":false,"footnotes":""},"class_list":["post-1022","page","type-page","status-publish","hentry"],"acf":[],"_links":{"self":[{"href":"https:\/\/www.mamasarahotel.com.pe\/pt-br\/wp-json\/wp\/v2\/pages\/1022","targetHints":{"allow":["GET"]}}],"collection":[{"href":"https:\/\/www.mamasarahotel.com.pe\/pt-br\/wp-json\/wp\/v2\/pages"}],"about":[{"href":"https:\/\/www.mamasarahotel.com.pe\/pt-br\/wp-json\/wp\/v2\/types\/page"}],"author":[{"embeddable":true,"href":"https:\/\/www.mamasarahotel.com.pe\/pt-br\/wp-json\/wp\/v2\/users\/1"}],"replies":[{"embeddable":true,"href":"https:\/\/www.mamasarahotel.com.pe\/pt-br\/wp-json\/wp\/v2\/comments?post=1022"}],"version-history":[{"count":1,"href":"https:\/\/www.mamasarahotel.com.pe\/pt-br\/wp-json\/wp\/v2\/pages\/1022\/revisions"}],"predecessor-version":[{"id":1085,"href":"https:\/\/www.mamasarahotel.com.pe\/pt-br\/wp-json\/wp\/v2\/pages\/1022\/revisions\/1085"}],"wp:attachment":[{"href":"https:\/\/www.mamasarahotel.com.pe\/pt-br\/wp-json\/wp\/v2\/media?parent=1022"}],"curies":[{"name":"wp","href":"https:\/\/api.w.org\/{rel}","templated":true}]}}