{"id":1023,"date":"2025-11-25T11:23:06","date_gmt":"2025-11-25T16:23:06","guid":{"rendered":"https:\/\/www.mamasarahotel.com.pe\/contactez-nous\/"},"modified":"2026-01-23T08:38:54","modified_gmt":"2026-01-23T13:38:54","slug":"contactez-nous","status":"publish","type":"page","link":"https:\/\/www.mamasarahotel.com.pe\/fr\/contactez-nous\/","title":{"rendered":"Contactez-nous"},"content":{"rendered":"<p>Gr\u00e2ce \u00e0 leur emplacement privil\u00e9gi\u00e9, les h\u00f4tels MamaSara vous permettent de profiter d&rsquo;un environnement paisible et naturel \u00e0 Cusco, \u00e0 quelques pas du centre historique, et \u00e0 Aguas Calientes, pr\u00e8s du Machu Picchu.<\/p>\n","protected":false},"excerpt":{"rendered":"<p>Gr\u00e2ce \u00e0 leur emplacement privil\u00e9gi\u00e9, les h\u00f4tels MamaSara vous permettent de profiter d&rsquo;un environnement paisible et naturel \u00e0 Cusco, \u00e0 quelques pas du centre historique, et \u00e0 Aguas Calientes, pr\u00e8s du Machu Picchu.<\/p>\n","protected":false},"author":1,"featured_media":0,"parent":0,"menu_order":0,"comment_status":"closed","ping_status":"closed","template":"page-templates\/plantilla-contactanos.php","meta":{"_acf_changed":false,"inline_featured_image":false,"footnotes":""},"class_list":["post-1023","page","type-page","status-publish","hentry"],"acf":[],"_links":{"self":[{"href":"https:\/\/www.mamasarahotel.com.pe\/fr\/wp-json\/wp\/v2\/pages\/1023","targetHints":{"allow":["GET"]}}],"collection":[{"href":"https:\/\/www.mamasarahotel.com.pe\/fr\/wp-json\/wp\/v2\/pages"}],"about":[{"href":"https:\/\/www.mamasarahotel.com.pe\/fr\/wp-json\/wp\/v2\/types\/page"}],"author":[{"embeddable":true,"href":"https:\/\/www.mamasarahotel.com.pe\/fr\/wp-json\/wp\/v2\/users\/1"}],"replies":[{"embeddable":true,"href":"https:\/\/www.mamasarahotel.com.pe\/fr\/wp-json\/wp\/v2\/comments?post=1023"}],"version-history":[{"count":1,"href":"https:\/\/www.mamasarahotel.com.pe\/fr\/wp-json\/wp\/v2\/pages\/1023\/revisions"}],"predecessor-version":[{"id":1086,"href":"https:\/\/www.mamasarahotel.com.pe\/fr\/wp-json\/wp\/v2\/pages\/1023\/revisions\/1086"}],"wp:attachment":[{"href":"https:\/\/www.mamasarahotel.com.pe\/fr\/wp-json\/wp\/v2\/media?parent=1023"}],"curies":[{"name":"wp","href":"https:\/\/api.w.org\/{rel}","templated":true}]}}